{"id":13,"date":"2024-02-08T23:54:26","date_gmt":"2024-02-08T22:54:26","guid":{"rendered":"https:\/\/www.leworkshop.fr\/?page_id=13"},"modified":"2024-02-08T23:54:26","modified_gmt":"2024-02-08T22:54:26","slug":"le-workshop","status":"publish","type":"page","link":"https:\/\/www.leworkshop.fr\/?page_id=13","title":{"rendered":"Le Workshop"},"content":{"rendered":"\n<p>Le Workshop, une cordonnerie traditionnellede luxe, ouvre ses portes dans le prestigieux16\u00e8me arrondissement de Paris.<\/p>\n\n\n\n<p><\/p>\n\n\n\n<p>Fond\u00e9 sur l&rsquo;expertise artisanale et la passion pour le m\u00e9tier, Le Workshop s&rsquo;adresse \u00e0 une client\u00e8le exigeante, alliant savoir-faire traditionnel et services haut de gamme<\/p>\n\n\n\n<p><\/p>\n\n\n\n<p>A propos du Workshop<\/p>\n\n\n\n<p>Le Workshop incarne l&rsquo;\u00e9l\u00e9gance et le raffinement \u00e0 la fran\u00e7aise, offrant des services de cordonnerie haut de gamme depuis son emplacement privil\u00e9gi\u00e9 dans le 16\u00e8me arrondissement de Paris <\/p>\n\n\n\n<p><\/p>\n\n\n\n<p>Avec une \u00e9quipe d&rsquo;artisans exp\u00e9riment\u00e9s et d\u00e9vou\u00e9s, Le Workshop s&rsquo;engage \u00e0 fournir des services de r\u00e9paration de chaussures et d&rsquo;entretien de la plus haute qualit\u00e9, allant des r\u00e9parations basiques aux plus complexes<\/p>\n","protected":false},"excerpt":{"rendered":"<p>Le Workshop, une cordonnerie traditionnellede luxe, ouvre ses portes dans le prestigieux16\u00e8me arrondissement de Paris. Fond\u00e9 sur l&rsquo;expertise artisanale et la passion pour le m\u00e9tier, Le Workshop s&rsquo;adresse \u00e0 une client\u00e8le exigeante, alliant savoir-faire traditionnel et services haut de gamme A propos du Workshop Le Workshop incarne l&rsquo;\u00e9l\u00e9gance et le raffinement \u00e0 la fran\u00e7aise, offrant [&hellip;]<\/p>\n","protected":false},"author":1,"featured_media":0,"parent":0,"menu_order":0,"comment_status":"closed","ping_status":"closed","template":"","meta":{"hide_page_title":"","footnotes":""},"class_list":["post-13","page","type-page","status-publish","hentry"],"_links":{"self":[{"href":"https:\/\/www.leworkshop.fr\/index.php?rest_route=\/wp\/v2\/pages\/13","targetHints":{"allow":["GET"]}}],"collection":[{"href":"https:\/\/www.leworkshop.fr\/index.php?rest_route=\/wp\/v2\/pages"}],"about":[{"href":"https:\/\/www.leworkshop.fr\/index.php?rest_route=\/wp\/v2\/types\/page"}],"author":[{"embeddable":true,"href":"https:\/\/www.leworkshop.fr\/index.php?rest_route=\/wp\/v2\/users\/1"}],"replies":[{"embeddable":true,"href":"https:\/\/www.leworkshop.fr\/index.php?rest_route=%2Fwp%2Fv2%2Fcomments&post=13"}],"version-history":[{"count":1,"href":"https:\/\/www.leworkshop.fr\/index.php?rest_route=\/wp\/v2\/pages\/13\/revisions"}],"predecessor-version":[{"id":14,"href":"https:\/\/www.leworkshop.fr\/index.php?rest_route=\/wp\/v2\/pages\/13\/revisions\/14"}],"wp:attachment":[{"href":"https:\/\/www.leworkshop.fr\/index.php?rest_route=%2Fwp%2Fv2%2Fmedia&parent=13"}],"curies":[{"name":"wp","href":"https:\/\/api.w.org\/{rel}","templated":true}]}}