{"id":15,"date":"2024-02-08T23:56:55","date_gmt":"2024-02-08T22:56:55","guid":{"rendered":"https:\/\/www.leworkshop.fr\/?page_id=15"},"modified":"2024-02-08T23:56:55","modified_gmt":"2024-02-08T22:56:55","slug":"nos-services","status":"publish","type":"page","link":"https:\/\/www.leworkshop.fr\/?page_id=15","title":{"rendered":"Nos services"},"content":{"rendered":"\n<p>CORDONNERIE DE LUXE<\/p>\n\n\n\n<p>Nos artisans exp\u00e9riment\u00e9s prennent en charge tout type de r\u00e9paration, de la pose de patins au ressemelage complet, en utilisant des techniques traditionnelles et des mat\u00e9riaux de la plus haute qualit\u00e9.<\/p>\n\n\n\n<p><\/p>\n\n\n\n<p>ENTRETIEN DES CHAUSSURES<\/p>\n\n\n\n<p>Pour garder les chaussures de nos clients en parfait \u00e9tat, nous proposons des services d&rsquo;entretien complets, comprenant le gla\u00e7age pour une brillance \u00e9clatante et le cirage pour nourrir et prot\u00e9ger le cuir<\/p>\n","protected":false},"excerpt":{"rendered":"<p>CORDONNERIE DE LUXE Nos artisans exp\u00e9riment\u00e9s prennent en charge tout type de r\u00e9paration, de la pose de patins au ressemelage complet, en utilisant des techniques traditionnelles et des mat\u00e9riaux de la plus haute qualit\u00e9. ENTRETIEN DES CHAUSSURES Pour garder les chaussures de nos clients en parfait \u00e9tat, nous proposons des services d&rsquo;entretien complets, comprenant le [&hellip;]<\/p>\n","protected":false},"author":1,"featured_media":0,"parent":0,"menu_order":0,"comment_status":"closed","ping_status":"closed","template":"","meta":{"hide_page_title":"","footnotes":""},"class_list":["post-15","page","type-page","status-publish","hentry"],"_links":{"self":[{"href":"https:\/\/www.leworkshop.fr\/index.php?rest_route=\/wp\/v2\/pages\/15","targetHints":{"allow":["GET"]}}],"collection":[{"href":"https:\/\/www.leworkshop.fr\/index.php?rest_route=\/wp\/v2\/pages"}],"about":[{"href":"https:\/\/www.leworkshop.fr\/index.php?rest_route=\/wp\/v2\/types\/page"}],"author":[{"embeddable":true,"href":"https:\/\/www.leworkshop.fr\/index.php?rest_route=\/wp\/v2\/users\/1"}],"replies":[{"embeddable":true,"href":"https:\/\/www.leworkshop.fr\/index.php?rest_route=%2Fwp%2Fv2%2Fcomments&post=15"}],"version-history":[{"count":1,"href":"https:\/\/www.leworkshop.fr\/index.php?rest_route=\/wp\/v2\/pages\/15\/revisions"}],"predecessor-version":[{"id":16,"href":"https:\/\/www.leworkshop.fr\/index.php?rest_route=\/wp\/v2\/pages\/15\/revisions\/16"}],"wp:attachment":[{"href":"https:\/\/www.leworkshop.fr\/index.php?rest_route=%2Fwp%2Fv2%2Fmedia&parent=15"}],"curies":[{"name":"wp","href":"https:\/\/api.w.org\/{rel}","templated":true}]}}